{"id":998,"date":"2024-01-20T11:43:14","date_gmt":"2024-01-20T10:43:14","guid":{"rendered":"https:\/\/permis-bateau-carteret.fr\/?page_id=998"},"modified":"2026-01-11T15:09:20","modified_gmt":"2026-01-11T14:09:20","slug":"planning","status":"publish","type":"page","link":"https:\/\/permis-bateau-carteret.fr\/index.php\/planning\/","title":{"rendered":"Planning"},"content":{"rendered":"<p><div class=\"fusion-fullwidth fullwidth-box fusion-builder-row-1 fusion-flex-container nonhundred-percent-fullwidth non-hundred-percent-height-scrolling\" style=\"--awb-border-radius-top-left:0px;--awb-border-radius-top-right:0px;--awb-border-radius-bottom-right:0px;--awb-border-radius-bottom-left:0px;--awb-padding-top:10%;--awb-padding-bottom:6%;--awb-background-image:linear-gradient(0deg, var(--awb-color2) 0%,rgba(255,255,255,0) 100%);--awb-flex-wrap:wrap;\" ><div class=\"fusion-builder-row fusion-row fusion-flex-align-items-flex-start fusion-flex-content-wrap\" style=\"max-width:1185.6px;margin-left: calc(-4% \/ 2 );margin-right: calc(-4% \/ 2 );\"><div class=\"fusion-layout-column fusion_builder_column fusion-builder-column-0 fusion_builder_column_1_1 1_1 fusion-flex-column fusion-animated\" style=\"--awb-bg-size:cover;--awb-width-large:100%;--awb-margin-top-large:0px;--awb-spacing-right-large:1.92%;--awb-margin-bottom-large:80px;--awb-spacing-left-large:1.92%;--awb-width-medium:100%;--awb-spacing-right-medium:1.92%;--awb-spacing-left-medium:1.92%;--awb-width-small:100%;--awb-spacing-right-small:1.92%;--awb-spacing-left-small:1.92%;\" data-animationType=\"fadeInUp\" data-animationDuration=\"1.0\" data-animationOffset=\"top-into-view\" id=\"permis\"><div class=\"fusion-column-wrapper fusion-column-has-shadow fusion-flex-justify-content-flex-start fusion-content-layout-column\"><div class=\"fusion-title title fusion-title-1 fusion-sep-none fusion-title-center fusion-title-text fusion-title-size-two\" style=\"--awb-margin-top-small:30px;\"><h2 class=\"fusion-title-heading title-heading-center fusion-responsive-typography-calculated\" style=\"margin:0;text-transform:capitalize;--fontSize:44;line-height:1.2;\">Planning 1er semestre 2026<\/h2><\/div><div class=\"fusion-text fusion-text-1\" style=\"--awb-content-alignment:center;\"><p>Sous r\u00e9serve de confirmation des affaires maritimes ce calendrier est susceptible de modifications.<\/p>\n<\/div>\n<div class=\"table-1\">\n<table width=\"100%\">\n<thead>\n<tr>\n<th align=\"left\">P\u00e9riode<\/th>\n<th align=\"left\">Permis C\u00f4tier (demi journ\u00e9es)<\/th>\n<th align=\"left\">Permis Hauturier (journ\u00e9es compl\u00e8tes)<\/th>\n<\/tr>\n<\/thead>\n<tbody>\n<tr>\n<td align=\"left\">Janvier<\/td>\n<td align=\"left\"><\/td>\n<td align=\"left\"><\/td>\n<\/tr>\n<tr>\n<td align=\"left\">F\u00e9vrier<\/td>\n<td align=\"left\"><\/td>\n<td align=\"left\"><\/td>\n<\/tr>\n<tr>\n<td align=\"left\">Mars<\/td>\n<td align=\"left\"><\/td>\n<td align=\"left\">14-15-21-22-29\u00a0 \u00a0ou\u00a0 16-23-24-30-31<\/td>\n<\/tr>\n<tr>\n<td align=\"left\">Avril<\/td>\n<td align=\"left\">4-5-25-26<\/td>\n<td align=\"left\"><\/td>\n<\/tr>\n<tr>\n<td align=\"left\">Mai<\/td>\n<td align=\"left\">14-15-16-17<\/td>\n<td align=\"left\"><\/td>\n<\/tr>\n<tr>\n<td align=\"left\">Juin<\/td>\n<td align=\"left\">\u00e0 partir de Juin , les cours de permis c\u00f4tier<\/p>\n<p>seront assur\u00e9s par un autre formateur<\/p>\n<p>voir planning sur le site \u00ab\u00a0bateau \u00e9cole carteret \u00ab\u00a0<\/td>\n<td align=\"left\"><\/td>\n<\/tr>\n<tr>\n<td align=\"left\">Juillet<\/td>\n<td align=\"left\"><\/td>\n<td align=\"left\"><\/td>\n<\/tr>\n<tr>\n<td align=\"left\">Aout<\/td>\n<td align=\"left\"><\/td>\n<td align=\"left\"><\/td>\n<\/tr>\n<tr>\n<td align=\"left\">Septembre<\/td>\n<td align=\"left\"><\/td>\n<td align=\"left\"><\/td>\n<\/tr>\n<tr>\n<td align=\"left\">Octobre<\/td>\n<td align=\"left\"><\/td>\n<td align=\"left\">24-25 octobre &#8211; 1-2-7 novembre<\/td>\n<\/tr>\n<tr>\n<td align=\"left\">Novembre<\/td>\n<td align=\"left\"><\/td>\n<td align=\"left\"><\/td>\n<\/tr>\n<tr>\n<td align=\"left\">D\u00e9cembre<\/td>\n<td align=\"left\"><\/td>\n<td align=\"left\"><\/td>\n<\/tr>\n<\/tbody>\n<\/table>\n<\/div>\n<\/div><\/div><\/div><\/div><div class=\"fusion-fullwidth fullwidth-box fusion-builder-row-2 fusion-flex-container fusion-parallax-none hundred-percent-fullwidth non-hundred-percent-height-scrolling lazyload\" style=\"--awb-border-radius-top-left:0px;--awb-border-radius-top-right:0px;--awb-border-radius-bottom-right:0px;--awb-border-radius-bottom-left:0px;--awb-padding-top:6%;--awb-background-image:linear-gradient(0deg, hsla(var(--awb-color4-h),var(--awb-color4-s),var(--awb-color4-l),calc(var(--awb-color4-a) - 60%)) 0%,hsla(var(--awb-color2-h),var(--awb-color2-s),var(--awb-color2-l),calc(var(--awb-color2-a) - 60%)) 65%);;--awb-background-size:cover;--awb-flex-wrap:wrap;\" data-bg=\"http:\/\/permis-bateau-carteret.fr\/wp-content\/uploads\/2024\/01\/permis-bateau-manche-carteret.png\" data-bg-gradient=\"linear-gradient(0deg, hsla(var(--awb-color4-h),var(--awb-color4-s),var(--awb-color4-l),calc(var(--awb-color4-a) - 60%)) 0%,hsla(var(--awb-color2-h),var(--awb-color2-s),var(--awb-color2-l),calc(var(--awb-color2-a) - 60%)) 65%)\" ><div class=\"fusion-builder-row fusion-row fusion-flex-align-items-flex-start fusion-flex-justify-content-center fusion-flex-content-wrap\" style=\"width:104% !important;max-width:104% !important;margin-left: calc(-4% \/ 2 );margin-right: calc(-4% \/ 2 );\"><div class=\"fusion-layout-column fusion_builder_column fusion-builder-column-1 fusion_builder_column_1_1 1_1 fusion-flex-column fusion-animated\" style=\"--awb-bg-size:cover;--awb-width-large:100%;--awb-margin-top-large:0px;--awb-spacing-right-large:1.92%;--awb-margin-bottom-large:20px;--awb-spacing-left-large:1.92%;--awb-width-medium:100%;--awb-spacing-right-medium:1.92%;--awb-spacing-left-medium:1.92%;--awb-width-small:100%;--awb-spacing-right-small:1.92%;--awb-spacing-left-small:1.92%;\" data-animationType=\"fadeInUp\" data-animationDuration=\"1.0\" data-animationOffset=\"top-into-view\"><div class=\"fusion-column-wrapper fusion-column-has-shadow fusion-flex-justify-content-flex-start fusion-content-layout-column\"><div class=\"fusion-title title fusion-title-2 fusion-sep-none fusion-title-center fusion-title-text fusion-title-size-one\" style=\"--awb-margin-top-small:40px;\"><h1 class=\"fusion-title-heading title-heading-center fusion-responsive-typography-calculated\" style=\"margin:0;letter-spacing:-0.03em;text-transform:capitalize;--fontSize:60;line-height:var(--awb-typography1-line-height);\">Contactez Fred<\/h1><\/div><div class=\"fusion-title title fusion-title-3 fusion-sep-none fusion-title-center fusion-title-text fusion-title-size-three\" style=\"--awb-margin-top:5px;\"><h3 class=\"fusion-title-heading title-heading-center fusion-responsive-typography-calculated\" style=\"font-family:var(--awb-typography2-font-family);font-weight:var(--awb-typography2-font-weight);font-style:var(--awb-typography2-font-style);margin:0;letter-spacing:var(--awb-typography2-letter-spacing);text-transform:var(--awb-typography2-text-transform);--fontSize:28;line-height:var(--awb-typography2-line-height);\">De pr\u00e9f\u00e9rence par mail ou en remplissant le formulaire. \u00c9ventuellement par t\u00e9l\u00e9phone.<\/h3><\/div><\/div><\/div><div class=\"fusion-layout-column fusion_builder_column fusion-builder-column-2 fusion_builder_column_2_5 2_5 fusion-flex-column fusion-animated\" style=\"--awb-padding-top:25px;--awb-padding-right:30px;--awb-padding-bottom:15px;--awb-padding-left:30px;--awb-overflow:hidden;--awb-bg-color:var(--awb-color1);--awb-bg-color-hover:var(--awb-color1);--awb-bg-size:cover;--awb-box-shadow:0px 10px 14px 9px hsla(var(--awb-color8-h),var(--awb-color8-s),calc( var(--awb-color8-l) - 13% ),calc( var(--awb-color8-a) - 90% ));;--awb-border-radius:8px 8px 8px 8px;--awb-width-large:40%;--awb-margin-top-large:0px;--awb-spacing-right-large:4.8%;--awb-margin-bottom-large:0px;--awb-spacing-left-large:4.8%;--awb-width-medium:50%;--awb-spacing-right-medium:3.84%;--awb-spacing-left-medium:3.84%;--awb-width-small:100%;--awb-spacing-right-small:1.92%;--awb-spacing-left-small:1.92%;\" data-animationType=\"fadeInRight\" data-animationDuration=\"1.0\" data-animationOffset=\"top-into-view\" id=\"form\"><div class=\"fusion-column-wrapper fusion-column-has-shadow fusion-flex-justify-content-flex-start fusion-content-layout-column\"><div class=\"fusion-title title fusion-title-4 fusion-sep-none fusion-title-text fusion-title-size-two\" style=\"--awb-text-color:var(--awb-color5);--awb-margin-bottom:20px;--awb-margin-bottom-small:20px;--awb-font-size:1.5em;\"><h2 class=\"fusion-title-heading title-heading-left fusion-responsive-typography-calculated\" style=\"margin:0;font-size:1em;text-transform:capitalize;--fontSize:24;line-height:1.2;\">Contacts<\/h2><\/div><div class=\"fusion-form fusion-form-builder fusion-form-form-wrapper fusion-form-815\" style=\"--awb-tooltip-text-color:#ffffff;--awb-tooltip-background-color:#333333;\" data-form-id=\"815\" data-config=\"{&quot;form_id&quot;:&quot;815&quot;,&quot;form_post_id&quot;:&quot;815&quot;,&quot;post_id&quot;:998,&quot;form_type&quot;:&quot;ajax&quot;,&quot;confirmation_type&quot;:&quot;message&quot;,&quot;redirect_url&quot;:&quot;&quot;,&quot;field_labels&quot;:{&quot;Nom&quot;:&quot;&quot;,&quot;Email&quot;:&quot;&quot;,&quot;T\\u00e9l\\u00e9phone&quot;:&quot;&quot;,&quot;tapez_votre_texte&quot;:&quot;Tapez votre texte&quot;},&quot;field_logics&quot;:{&quot;Nom&quot;:&quot;&quot;,&quot;Email&quot;:&quot;&quot;,&quot;T\\u00e9l\\u00e9phone&quot;:&quot;&quot;,&quot;tapez_votre_texte&quot;:&quot;&quot;},&quot;field_types&quot;:{&quot;Nom&quot;:&quot;text&quot;,&quot;Email&quot;:&quot;email&quot;,&quot;T\\u00e9l\\u00e9phone&quot;:&quot;phone_number&quot;,&quot;tapez_votre_texte&quot;:&quot;textarea&quot;,&quot;submit_1&quot;:&quot;submit&quot;},&quot;nonce_method&quot;:&quot;ajax&quot;}\"><form action=\"https:\/\/permis-bateau-carteret.fr\/index.php\/planning\/\" method=\"post\" class=\"fusion-form fusion-form-815\"><div class=\"fusion-fullwidth fullwidth-box fusion-builder-row-2-1 fusion-flex-container nonhundred-percent-fullwidth non-hundred-percent-height-scrolling\" style=\"--awb-border-radius-top-left:0px;--awb-border-radius-top-right:0px;--awb-border-radius-bottom-right:0px;--awb-border-radius-bottom-left:0px;--awb-padding-top:0px;--awb-padding-right:0px;--awb-padding-bottom:0px;--awb-padding-left:0px;--awb-margin-top:0px;--awb-margin-bottom:0px;--awb-flex-wrap:wrap;\" ><div class=\"fusion-builder-row fusion-row fusion-flex-align-items-flex-start fusion-flex-content-wrap\" style=\"width:104% !important;max-width:104% !important;margin-left: calc(-4% \/ 2 );margin-right: calc(-4% \/ 2 );\"><div class=\"fusion-layout-column fusion_builder_column fusion-builder-column-3 fusion_builder_column_1_1 1_1 fusion-flex-column\" style=\"--awb-bg-size:cover;--awb-width-large:100%;--awb-margin-top-large:0px;--awb-spacing-right-large:1.92%;--awb-margin-bottom-large:0px;--awb-spacing-left-large:1.92%;--awb-width-medium:100%;--awb-order-medium:0;--awb-spacing-right-medium:1.92%;--awb-spacing-left-medium:1.92%;--awb-width-small:100%;--awb-order-small:0;--awb-spacing-right-small:1.92%;--awb-spacing-left-small:1.92%;\"><div class=\"fusion-column-wrapper fusion-column-has-shadow fusion-flex-justify-content-flex-start fusion-content-layout-column\"><div class=\"fusion-form-field fusion-form-text-field fusion-form-label-above\" style=\"\" data-form-id=\"815\"><input type=\"text\" name=\"Nom\" id=\"Nom\" value=\"\"  class=\"fusion-form-input\" required=\"true\" aria-required=\"true\" placeholder=\"Name :*\" data-holds-private-data=\"false\" minlength=\"0\"\/><\/div><div class=\"fusion-form-field fusion-form-email-field fusion-form-label-above\" style=\"\" data-form-id=\"815\"><input type=\"email\" name=\"Email\" id=\"Email\" value=\"\"  class=\"fusion-form-input\" required=\"true\" aria-required=\"true\" placeholder=\"Email Address : *\" data-holds-private-data=\"false\"\/><\/div><div class=\"fusion-form-field fusion-form-phone-number-field fusion-form-label-above\" style=\"\" data-form-id=\"815\"><input type=\"tel\" name=\"T\u00e9l\u00e9phone\" id=\"T\u00e9l\u00e9phone\" value=\"\"  class=\"fusion-form-input\" placeholder=\"Telephone Number :\" data-holds-private-data=\"false\"\/><\/div><div class=\"fusion-form-field fusion-form-textarea-field fusion-form-label-above\" style=\"\" data-form-id=\"815\"><label for=\"tapez_votre_texte\">Tapez votre texte<\/label><textarea cols=\"40\"  minlength=\"0\"  rows=\"4\" tabindex=\"\" id=\"tapez_votre_texte\" name=\"tapez_votre_texte\" class=\"fusion-form-input\" data-holds-private-data=\"false\"><\/textarea><\/div><div class=\"fusion-form-field fusion-form-submit-field fusion-form-label-above\" style=\"\" data-form-id=\"815\"><div ><button type=\"submit\" class=\"fusion-button button-flat fusion-button-default-size button-default fusion-button-default button-1 fusion-button-default-span  form-form-submit button-default\" data-form-number=\"815\" tabindex=\"\"><span class=\"fusion-button-text\">Contacter<\/span><\/button><\/div><\/div><\/div><\/div><\/div><\/div><\/form><\/div><\/div><\/div><div class=\"fusion-layout-column fusion_builder_column fusion-builder-column-4 fusion_builder_column_1_1 1_1 fusion-flex-column fusion-animated\" style=\"--awb-bg-size:cover;--awb-width-large:100%;--awb-margin-top-large:0px;--awb-spacing-right-large:1.92%;--awb-margin-bottom-large:20px;--awb-spacing-left-large:1.92%;--awb-width-medium:100%;--awb-spacing-right-medium:1.92%;--awb-spacing-left-medium:1.92%;--awb-width-small:100%;--awb-spacing-right-small:1.92%;--awb-spacing-left-small:1.92%;\" data-animationType=\"fadeInUp\" data-animationDuration=\"1.0\" data-animationOffset=\"top-into-view\"><div class=\"fusion-column-wrapper fusion-column-has-shadow fusion-flex-justify-content-flex-start fusion-content-layout-column\"><\/div><\/div><div class=\"fusion-layout-column fusion_builder_column fusion-builder-column-5 fusion_builder_column_1_1 1_1 fusion-flex-column\" style=\"--awb-bg-size:cover;--awb-width-large:100%;--awb-margin-top-large:0px;--awb-spacing-right-large:1.92%;--awb-margin-bottom-large:0px;--awb-spacing-left-large:1.92%;--awb-width-medium:100%;--awb-spacing-right-medium:1.92%;--awb-spacing-left-medium:1.92%;--awb-width-small:100%;--awb-spacing-right-small:1.92%;--awb-spacing-left-small:1.92%;\"><div class=\"fusion-column-wrapper fusion-column-has-shadow fusion-flex-justify-content-flex-start fusion-content-layout-column\"><div class=\"fusion-section-separator section-separator hills-opacity fusion-section-separator-1\" style=\"--awb-spacer-padding-top:17.7734375%;--awb-svg-margin-left:1.92%;--awb-svg-margin-right:1.92%;--awb-svg-margin-left-medium:1.92%;--awb-svg-margin-right-medium:1.92%;--awb-svg-margin-left-small:1.92%;--awb-svg-margin-right-small:1.92%;--awb-sep-font-size:0;--awb-sep-line-height:0;\"><div class=\"fusion-section-separator-svg\"><svg class=\"fusion-hills-opacity-candy\" xmlns=\"http:\/\/www.w3.org\/2000\/svg\" version=\"1.1\" width=\"100%\" viewBox=\"0 -0.5 1024 182\" preserveAspectRatio=\"none\" fill=\"rgba(255,255,255,1)\"><path class=\"st0\" d=\"M0 182.086h1024V41.593c-28.058-21.504-60.109-37.581-97.075-37.581-112.845 0-198.144 93.798-289.792 93.798S437.658 6.777 351.846 6.777s-142.234 82.125-238.49 82.125c-63.078 0-75.776-31.744-113.357-53.658L0 182.086z\"\/>\n\t\t\t\t\t\t\t\t\t<path class=\"st1\" d=\"M1024 181.062v-75.878c-39.731 15.872-80.794 27.341-117.658 25.805-110.387-4.506-191.795-109.773-325.53-116.224-109.158-5.12-344.166 120.115-429.466 166.298H1024v-.001z\"\/>\n\t\t\t\t\t\t\t\t\t<path class=\"st2\" d=\"M0 182.086h1024V90.028C966.451 59.103 907.059 16.3 824.115 15.071 690.278 13.023 665.19 102.93 482.099 102.93S202.138-1.62 74.24.019C46.49.326 21.811 4.217 0 9.849v172.237z\"\/>\n\t\t\t\t\t\t\t\t\t<path class=\"st3\" d=\"M0 182.086h1024V80.505c-37.171 19.558-80.691 35.328-139.571 36.25-151.142 2.355-141.619-28.57-298.496-29.184s-138.854 47.002-305.459 43.725C132.813 128.428 91.238 44.563 0 28.179v153.907z\"\/>\n\t\t\t\t\t\t\t\t\t<path class=\"st4\" d=\"M0 182.086h1024v-77.312c-49.05 20.07-120.525 42.394-193.229 42.086-128.922-.512-159.846-72.294-255.795-72.294-89.088 0-134.656 80.179-245.043 82.022S169.063 99.346 49.971 97.401C32.768 97.094 16.077 99.244 0 103.135v78.951z\"\/>\n\t\t\t\t\t\t\t\t<\/svg><\/div><div class=\"fusion-section-separator-spacer\"><div class=\"fusion-section-separator-spacer-height\"><\/div><\/div><\/div><\/div><\/div><\/div><\/div>\n<\/p>\n","protected":false},"excerpt":{"rendered":"","protected":false},"author":1,"featured_media":0,"parent":0,"menu_order":0,"comment_status":"closed","ping_status":"closed","template":"100-width.php","meta":{"footnotes":""},"class_list":["post-998","page","type-page","status-publish","hentry"],"yoast_head":"<!-- This site is optimized with the Yoast SEO plugin v21.8 - https:\/\/yoast.com\/wordpress\/plugins\/seo\/ -->\n<title>Planning - Permis bateau Carteret<\/title>\n<meta name=\"description\" content=\"Passez votre permis bateau rapidement et en toute s\u00e9curit\u00e9 \u00e0 Carteret avec Fred. Formules permis c\u00f4tier et hauturier.\" \/>\n<meta name=\"robots\" content=\"index, follow, max-snippet:-1, max-image-preview:large, max-video-preview:-1\" \/>\n<link rel=\"canonical\" href=\"https:\/\/permis-bateau-carteret.fr\/index.php\/planning\/\" \/>\n<meta property=\"og:locale\" content=\"fr_FR\" \/>\n<meta property=\"og:type\" content=\"article\" \/>\n<meta property=\"og:title\" content=\"Planning - Permis bateau Carteret\" \/>\n<meta property=\"og:description\" content=\"Passez votre permis bateau rapidement et en toute s\u00e9curit\u00e9 \u00e0 Carteret avec Fred. Formules permis c\u00f4tier et hauturier.\" \/>\n<meta property=\"og:url\" content=\"https:\/\/permis-bateau-carteret.fr\/index.php\/planning\/\" \/>\n<meta property=\"og:site_name\" content=\"Permis Bateau Carteret\" \/>\n<meta property=\"article:modified_time\" content=\"2026-01-11T14:09:20+00:00\" \/>\n<meta name=\"twitter:card\" content=\"summary_large_image\" \/>\n<meta name=\"twitter:label1\" content=\"Dur\u00e9e de lecture estim\u00e9e\" \/>\n\t<meta name=\"twitter:data1\" content=\"1 minute\" \/>\n<script type=\"application\/ld+json\" class=\"yoast-schema-graph\">{\"@context\":\"https:\/\/schema.org\",\"@graph\":[{\"@type\":\"WebPage\",\"@id\":\"https:\/\/permis-bateau-carteret.fr\/index.php\/planning\/\",\"url\":\"https:\/\/permis-bateau-carteret.fr\/index.php\/planning\/\",\"name\":\"Planning - Permis bateau Carteret\",\"isPartOf\":{\"@id\":\"https:\/\/permis-bateau-carteret.fr\/#website\"},\"datePublished\":\"2024-01-20T10:43:14+00:00\",\"dateModified\":\"2026-01-11T14:09:20+00:00\",\"description\":\"Passez votre permis bateau rapidement et en toute s\u00e9curit\u00e9 \u00e0 Carteret avec Fred. Formules permis c\u00f4tier et hauturier.\",\"breadcrumb\":{\"@id\":\"https:\/\/permis-bateau-carteret.fr\/index.php\/planning\/#breadcrumb\"},\"inLanguage\":\"fr-FR\",\"potentialAction\":[{\"@type\":\"ReadAction\",\"target\":[\"https:\/\/permis-bateau-carteret.fr\/index.php\/planning\/\"]}]},{\"@type\":\"BreadcrumbList\",\"@id\":\"https:\/\/permis-bateau-carteret.fr\/index.php\/planning\/#breadcrumb\",\"itemListElement\":[{\"@type\":\"ListItem\",\"position\":1,\"name\":\"Accueil\",\"item\":\"https:\/\/permis-bateau-carteret.fr\/\"},{\"@type\":\"ListItem\",\"position\":2,\"name\":\"Planning\"}]},{\"@type\":\"WebSite\",\"@id\":\"https:\/\/permis-bateau-carteret.fr\/#website\",\"url\":\"https:\/\/permis-bateau-carteret.fr\/\",\"name\":\"Permis Bateau Carteret\",\"description\":\"Un site utilisant WordPress\",\"publisher\":{\"@id\":\"https:\/\/permis-bateau-carteret.fr\/#organization\"},\"potentialAction\":[{\"@type\":\"SearchAction\",\"target\":{\"@type\":\"EntryPoint\",\"urlTemplate\":\"https:\/\/permis-bateau-carteret.fr\/?s={search_term_string}\"},\"query-input\":\"required name=search_term_string\"}],\"inLanguage\":\"fr-FR\"},{\"@type\":\"Organization\",\"@id\":\"https:\/\/permis-bateau-carteret.fr\/#organization\",\"name\":\"Permis Bateau Carteret\",\"url\":\"https:\/\/permis-bateau-carteret.fr\/\",\"logo\":{\"@type\":\"ImageObject\",\"inLanguage\":\"fr-FR\",\"@id\":\"https:\/\/permis-bateau-carteret.fr\/#\/schema\/logo\/image\/\",\"url\":\"https:\/\/permis-bateau-carteret.fr\/wp-content\/uploads\/2024\/01\/Permis-Bateau-Carteret-2.png\",\"contentUrl\":\"https:\/\/permis-bateau-carteret.fr\/wp-content\/uploads\/2024\/01\/Permis-Bateau-Carteret-2.png\",\"width\":300,\"height\":70,\"caption\":\"Permis Bateau Carteret\"},\"image\":{\"@id\":\"https:\/\/permis-bateau-carteret.fr\/#\/schema\/logo\/image\/\"}}]}<\/script>\n<!-- \/ Yoast SEO plugin. -->","yoast_head_json":{"title":"Planning - Permis bateau Carteret","description":"Passez votre permis bateau rapidement et en toute s\u00e9curit\u00e9 \u00e0 Carteret avec Fred. Formules permis c\u00f4tier et hauturier.","robots":{"index":"index","follow":"follow","max-snippet":"max-snippet:-1","max-image-preview":"max-image-preview:large","max-video-preview":"max-video-preview:-1"},"canonical":"https:\/\/permis-bateau-carteret.fr\/index.php\/planning\/","og_locale":"fr_FR","og_type":"article","og_title":"Planning - Permis bateau Carteret","og_description":"Passez votre permis bateau rapidement et en toute s\u00e9curit\u00e9 \u00e0 Carteret avec Fred. Formules permis c\u00f4tier et hauturier.","og_url":"https:\/\/permis-bateau-carteret.fr\/index.php\/planning\/","og_site_name":"Permis Bateau Carteret","article_modified_time":"2026-01-11T14:09:20+00:00","twitter_card":"summary_large_image","twitter_misc":{"Dur\u00e9e de lecture estim\u00e9e":"1 minute"},"schema":{"@context":"https:\/\/schema.org","@graph":[{"@type":"WebPage","@id":"https:\/\/permis-bateau-carteret.fr\/index.php\/planning\/","url":"https:\/\/permis-bateau-carteret.fr\/index.php\/planning\/","name":"Planning - Permis bateau Carteret","isPartOf":{"@id":"https:\/\/permis-bateau-carteret.fr\/#website"},"datePublished":"2024-01-20T10:43:14+00:00","dateModified":"2026-01-11T14:09:20+00:00","description":"Passez votre permis bateau rapidement et en toute s\u00e9curit\u00e9 \u00e0 Carteret avec Fred. Formules permis c\u00f4tier et hauturier.","breadcrumb":{"@id":"https:\/\/permis-bateau-carteret.fr\/index.php\/planning\/#breadcrumb"},"inLanguage":"fr-FR","potentialAction":[{"@type":"ReadAction","target":["https:\/\/permis-bateau-carteret.fr\/index.php\/planning\/"]}]},{"@type":"BreadcrumbList","@id":"https:\/\/permis-bateau-carteret.fr\/index.php\/planning\/#breadcrumb","itemListElement":[{"@type":"ListItem","position":1,"name":"Accueil","item":"https:\/\/permis-bateau-carteret.fr\/"},{"@type":"ListItem","position":2,"name":"Planning"}]},{"@type":"WebSite","@id":"https:\/\/permis-bateau-carteret.fr\/#website","url":"https:\/\/permis-bateau-carteret.fr\/","name":"Permis Bateau Carteret","description":"Un site utilisant WordPress","publisher":{"@id":"https:\/\/permis-bateau-carteret.fr\/#organization"},"potentialAction":[{"@type":"SearchAction","target":{"@type":"EntryPoint","urlTemplate":"https:\/\/permis-bateau-carteret.fr\/?s={search_term_string}"},"query-input":"required name=search_term_string"}],"inLanguage":"fr-FR"},{"@type":"Organization","@id":"https:\/\/permis-bateau-carteret.fr\/#organization","name":"Permis Bateau Carteret","url":"https:\/\/permis-bateau-carteret.fr\/","logo":{"@type":"ImageObject","inLanguage":"fr-FR","@id":"https:\/\/permis-bateau-carteret.fr\/#\/schema\/logo\/image\/","url":"https:\/\/permis-bateau-carteret.fr\/wp-content\/uploads\/2024\/01\/Permis-Bateau-Carteret-2.png","contentUrl":"https:\/\/permis-bateau-carteret.fr\/wp-content\/uploads\/2024\/01\/Permis-Bateau-Carteret-2.png","width":300,"height":70,"caption":"Permis Bateau Carteret"},"image":{"@id":"https:\/\/permis-bateau-carteret.fr\/#\/schema\/logo\/image\/"}}]}},"_links":{"self":[{"href":"https:\/\/permis-bateau-carteret.fr\/index.php\/wp-json\/wp\/v2\/pages\/998","targetHints":{"allow":["GET"]}}],"collection":[{"href":"https:\/\/permis-bateau-carteret.fr\/index.php\/wp-json\/wp\/v2\/pages"}],"about":[{"href":"https:\/\/permis-bateau-carteret.fr\/index.php\/wp-json\/wp\/v2\/types\/page"}],"author":[{"embeddable":true,"href":"https:\/\/permis-bateau-carteret.fr\/index.php\/wp-json\/wp\/v2\/users\/1"}],"replies":[{"embeddable":true,"href":"https:\/\/permis-bateau-carteret.fr\/index.php\/wp-json\/wp\/v2\/comments?post=998"}],"version-history":[{"count":16,"href":"https:\/\/permis-bateau-carteret.fr\/index.php\/wp-json\/wp\/v2\/pages\/998\/revisions"}],"predecessor-version":[{"id":1041,"href":"https:\/\/permis-bateau-carteret.fr\/index.php\/wp-json\/wp\/v2\/pages\/998\/revisions\/1041"}],"wp:attachment":[{"href":"https:\/\/permis-bateau-carteret.fr\/index.php\/wp-json\/wp\/v2\/media?parent=998"}],"curies":[{"name":"wp","href":"https:\/\/api.w.org\/{rel}","templated":true}]}}